{"id":4867,"date":"2025-12-19T14:04:19","date_gmt":"2025-12-19T17:04:19","guid":{"rendered":"https:\/\/plan-in.net\/?page_id=4867"},"modified":"2025-12-19T14:05:44","modified_gmt":"2025-12-19T17:05:44","slug":"thank-you-lead-magnet","status":"publish","type":"page","link":"https:\/\/plan-in.net\/co\/thank-you-lead-magnet\/","title":{"rendered":"Thank You Lead Magnet"},"content":{"rendered":"<div data-elementor-type=\"wp-page\" data-elementor-id=\"4867\" class=\"elementor elementor-4867\" data-elementor-post-type=\"page\">\n\t\t\t\t<div class=\"elementor-element elementor-element-829e941 e-con-full e-flex e-con e-parent\" data-id=\"829e941\" data-element_type=\"container\" data-e-type=\"container\" data-settings=\"{&quot;background_background&quot;:&quot;classic&quot;}\">\n\t\t<div class=\"elementor-element elementor-element-1de0505 e-con-full e-flex e-con e-child\" data-id=\"1de0505\" data-element_type=\"container\" data-e-type=\"container\" data-settings=\"{&quot;background_background&quot;:&quot;classic&quot;}\">\n\t\t<div class=\"elementor-element elementor-element-1037d51 e-flex e-con-boxed e-con e-child\" data-id=\"1037d51\" data-element_type=\"container\" data-e-type=\"container\">\n\t\t\t\t\t<div class=\"e-con-inner\">\n\t\t\t\t<div class=\"elementor-element elementor-element-2776665 elementor-widget elementor-widget-image\" data-id=\"2776665\" data-element_type=\"widget\" data-e-type=\"widget\" data-widget_type=\"image.default\">\n\t\t\t\t<div class=\"elementor-widget-container\">\n\t\t\t\t\t\t\t\t\t\t\t\t\t\t\t\t<a href=\"https:\/\/plan-in.net\/co\">\n\t\t\t\t\t\t\t<img decoding=\"async\" width=\"136\" height=\"52\" src=\"https:\/\/plan-in.net\/wp-content\/uploads\/2025\/02\/logo.svg\" class=\"attachment-large size-large wp-image-385\" alt=\"software contable - Plan In\" \/>\t\t\t\t\t\t\t\t<\/a>\n\t\t\t\t\t\t\t\t\t\t\t\t\t\t\t<\/div>\n\t\t\t\t<\/div>\n\t\t\t\t\t<\/div>\n\t\t\t\t<\/div>\n\t\t\t\t<\/div>\n\t\t<div class=\"elementor-element elementor-element-f12b278 e-flex e-con-boxed e-con e-child\" data-id=\"f12b278\" data-element_type=\"container\" data-e-type=\"container\">\n\t\t\t\t\t<div class=\"e-con-inner\">\n\t\t\t\t<div class=\"elementor-element elementor-element-ec8e567 animated-slow elementor-invisible elementor-widget elementor-widget-heading\" data-id=\"ec8e567\" data-element_type=\"widget\" data-e-type=\"widget\" data-settings=\"{&quot;_animation&quot;:&quot;slideInDown&quot;,&quot;_animation_delay&quot;:500}\" data-widget_type=\"heading.default\">\n\t\t\t\t<div class=\"elementor-widget-container\">\n\t\t\t\t\t<h2 class=\"elementor-heading-title elementor-size-default\">\u00a1Formulario enviado con \u00e9xito!\n<\/h2>\t\t\t\t<\/div>\n\t\t\t\t<\/div>\n\t\t\t\t<div class=\"elementor-element elementor-element-0706823 elementor-invisible elementor-widget elementor-widget-text-editor\" data-id=\"0706823\" data-element_type=\"widget\" data-e-type=\"widget\" data-settings=\"{&quot;_animation&quot;:&quot;fadeInUp&quot;,&quot;_animation_delay&quot;:1600}\" data-widget_type=\"text-editor.default\">\n\t\t\t\t<div class=\"elementor-widget-container\">\n\t\t\t\t\t\t\t\t\t<p>En unos minutos vas a recibir un correo con el acceso a la<br \/><strong>Gu\u00eda pr\u00e1ctica para proponer una implementaci\u00f3n tecnol\u00f3gica en tu estudio contable<\/strong>.\u00a0\u00a0<\/p><p>Si no lo ves en tu bandeja de entrada, revisa la carpeta de spam o promociones.<\/p>\t\t\t\t\t\t\t\t<\/div>\n\t\t\t\t<\/div>\n\t\t\t\t\t<\/div>\n\t\t\t\t<\/div>\n\t\t<div class=\"elementor-element elementor-element-69cb110 e-con-full e-flex e-con e-child\" data-id=\"69cb110\" data-element_type=\"container\" data-e-type=\"container\" data-settings=\"{&quot;background_background&quot;:&quot;classic&quot;}\">\n\t\t<div class=\"elementor-element elementor-element-2615589 e-flex e-con-boxed e-con e-child\" data-id=\"2615589\" data-element_type=\"container\" data-e-type=\"container\">\n\t\t\t\t\t<div class=\"e-con-inner\">\n\t\t<div class=\"elementor-element elementor-element-a10a95d e-con-full e-flex e-con e-child\" data-id=\"a10a95d\" data-element_type=\"container\" data-e-type=\"container\">\n\t\t\t\t<div class=\"elementor-element elementor-element-65ce61c elementor-widget elementor-widget-image\" data-id=\"65ce61c\" data-element_type=\"widget\" data-e-type=\"widget\" data-widget_type=\"image.default\">\n\t\t\t\t<div class=\"elementor-widget-container\">\n\t\t\t\t\t\t\t\t\t\t\t\t\t\t\t\t<a href=\"https:\/\/plan-in.net\/co\">\n\t\t\t\t\t\t\t<img decoding=\"async\" width=\"136\" height=\"52\" src=\"https:\/\/plan-in.net\/wp-content\/uploads\/2025\/02\/logo.svg\" class=\"attachment-large size-large wp-image-385\" alt=\"software contable - Plan In\" \/>\t\t\t\t\t\t\t\t<\/a>\n\t\t\t\t\t\t\t\t\t\t\t\t\t\t\t<\/div>\n\t\t\t\t<\/div>\n\t\t\t\t<\/div>\n\t\t<div class=\"elementor-element elementor-element-cf5e561 e-con-full e-flex e-con e-child\" data-id=\"cf5e561\" data-element_type=\"container\" data-e-type=\"container\">\n\t\t\t\t<div class=\"elementor-element elementor-element-1c542d6 elementor-shape-circle elementor-grid-3 elementor-grid-mobile-3 e-grid-align-right e-grid-align-mobile-center elementor-widget elementor-widget-social-icons\" data-id=\"1c542d6\" data-element_type=\"widget\" data-e-type=\"widget\" data-widget_type=\"social-icons.default\">\n\t\t\t\t<div class=\"elementor-widget-container\">\n\t\t\t\t\t\t\t<div class=\"elementor-social-icons-wrapper elementor-grid\" role=\"list\">\n\t\t\t\t\t\t\t<span class=\"elementor-grid-item\" role=\"listitem\">\n\t\t\t\t\t<a class=\"elementor-icon elementor-social-icon elementor-social-icon-facebook-f elementor-repeater-item-04f02da\" target=\"_blank\">\n\t\t\t\t\t\t<span class=\"elementor-screen-only\">Facebook-f<\/span>\n\t\t\t\t\t\t<svg aria-hidden=\"true\" class=\"e-font-icon-svg e-fab-facebook-f\" viewbox=\"0 0 320 512\" xmlns=\"http:\/\/www.w3.org\/2000\/svg\"><path d=\"M279.14 288l14.22-92.66h-88.91v-60.13c0-25.35 12.42-50.06 52.24-50.06h40.42V6.26S260.43 0 225.36 0c-73.22 0-121.08 44.38-121.08 124.72v70.62H22.89V288h81.39v224h100.17V288z\"><\/path><\/svg>\t\t\t\t\t<\/a>\n\t\t\t\t<\/span>\n\t\t\t\t\t\t\t<span class=\"elementor-grid-item\" role=\"listitem\">\n\t\t\t\t\t<a class=\"elementor-icon elementor-social-icon elementor-social-icon-instagram elementor-repeater-item-cebe06f\" target=\"_blank\">\n\t\t\t\t\t\t<span class=\"elementor-screen-only\">Instagram<\/span>\n\t\t\t\t\t\t<svg aria-hidden=\"true\" class=\"e-font-icon-svg e-fab-instagram\" viewbox=\"0 0 448 512\" xmlns=\"http:\/\/www.w3.org\/2000\/svg\"><path d=\"M224.1 141c-63.6 0-114.9 51.3-114.9 114.9s51.3 114.9 114.9 114.9S339 319.5 339 255.9 287.7 141 224.1 141zm0 189.6c-41.1 0-74.7-33.5-74.7-74.7s33.5-74.7 74.7-74.7 74.7 33.5 74.7 74.7-33.6 74.7-74.7 74.7zm146.4-194.3c0 14.9-12 26.8-26.8 26.8-14.9 0-26.8-12-26.8-26.8s12-26.8 26.8-26.8 26.8 12 26.8 26.8zm76.1 27.2c-1.7-35.9-9.9-67.7-36.2-93.9-26.2-26.2-58-34.4-93.9-36.2-37-2.1-147.9-2.1-184.9 0-35.8 1.7-67.6 9.9-93.9 36.1s-34.4 58-36.2 93.9c-2.1 37-2.1 147.9 0 184.9 1.7 35.9 9.9 67.7 36.2 93.9s58 34.4 93.9 36.2c37 2.1 147.9 2.1 184.9 0 35.9-1.7 67.7-9.9 93.9-36.2 26.2-26.2 34.4-58 36.2-93.9 2.1-37 2.1-147.8 0-184.8zM398.8 388c-7.8 19.6-22.9 34.7-42.6 42.6-29.5 11.7-99.5 9-132.1 9s-102.7 2.6-132.1-9c-19.6-7.8-34.7-22.9-42.6-42.6-11.7-29.5-9-99.5-9-132.1s-2.6-102.7 9-132.1c7.8-19.6 22.9-34.7 42.6-42.6 29.5-11.7 99.5-9 132.1-9s102.7-2.6 132.1 9c19.6 7.8 34.7 22.9 42.6 42.6 11.7 29.5 9 99.5 9 132.1s2.7 102.7-9 132.1z\"><\/path><\/svg>\t\t\t\t\t<\/a>\n\t\t\t\t<\/span>\n\t\t\t\t\t\t\t<span class=\"elementor-grid-item\" role=\"listitem\">\n\t\t\t\t\t<a class=\"elementor-icon elementor-social-icon elementor-social-icon-linkedin-in elementor-repeater-item-1f01eba\" target=\"_blank\">\n\t\t\t\t\t\t<span class=\"elementor-screen-only\">Linkedin-in<\/span>\n\t\t\t\t\t\t<svg aria-hidden=\"true\" class=\"e-font-icon-svg e-fab-linkedin-in\" viewbox=\"0 0 448 512\" xmlns=\"http:\/\/www.w3.org\/2000\/svg\"><path d=\"M100.28 448H7.4V148.9h92.88zM53.79 108.1C24.09 108.1 0 83.5 0 53.8a53.79 53.79 0 0 1 107.58 0c0 29.7-24.1 54.3-53.79 54.3zM447.9 448h-92.68V302.4c0-34.7-.7-79.2-48.29-79.2-48.29 0-55.69 37.7-55.69 76.7V448h-92.78V148.9h89.08v40.8h1.3c12.4-23.5 42.69-48.3 87.88-48.3 94 0 111.28 61.9 111.28 142.3V448z\"><\/path><\/svg>\t\t\t\t\t<\/a>\n\t\t\t\t<\/span>\n\t\t\t\t\t<\/div>\n\t\t\t\t\t\t<\/div>\n\t\t\t\t<\/div>\n\t\t\t\t<\/div>\n\t\t\t\t\t<\/div>\n\t\t\t\t<\/div>\n\t\t\t\t<\/div>\n\t\t\t\t<\/div>\n\t\t\t\t<\/div>","protected":false},"excerpt":{"rendered":"<p>\u00a1Formulario enviado con \u00e9xito! En unos minutos vas a recibir un correo con el acceso a la Gu\u00eda pr\u00e1ctica para proponer una implementaci\u00f3n tecnol\u00f3gica en tu estudio contable. Si no lo ves en tu bandeja de entrada, revisa la carpeta de spam o promociones. Facebook-f Instagram Linkedin-in<\/p>","protected":false},"author":6,"featured_media":0,"parent":0,"menu_order":0,"comment_status":"closed","ping_status":"closed","template":"elementor_canvas","meta":{"_acf_changed":false,"footnotes":""},"class_list":["post-4867","page","type-page","status-publish","hentry"],"acf":[],"yoast_head":"<!-- This site is optimized with the Yoast SEO plugin v27.3 - https:\/\/yoast.com\/product\/yoast-seo-wordpress\/ -->\n<title>Thank You Lead Magnet - Plan In<\/title>\n<meta name=\"robots\" content=\"index, follow, max-snippet:-1, max-image-preview:large, max-video-preview:-1\" \/>\n<link rel=\"canonical\" href=\"https:\/\/plan-in.net\/co\/thank-you-lead-magnet\/\" \/>\n<meta property=\"og:locale\" content=\"es_ES\" \/>\n<meta property=\"og:type\" content=\"article\" \/>\n<meta property=\"og:title\" content=\"Thank You Lead Magnet - Plan In\" \/>\n<meta property=\"og:description\" content=\"\u00a1Formulario enviado con \u00e9xito! En unos minutos vas a recibir un correo con el acceso a la Gu\u00eda pr\u00e1ctica para proponer una implementaci\u00f3n tecnol\u00f3gica en tu estudio contable. Si no lo ves en tu bandeja de entrada, revisa la carpeta de spam o promociones. Facebook-f Instagram Linkedin-in\" \/>\n<meta property=\"og:url\" content=\"https:\/\/plan-in.net\/co\/thank-you-lead-magnet\/\" \/>\n<meta property=\"og:site_name\" content=\"Plan In\" \/>\n<meta property=\"article:publisher\" content=\"https:\/\/www.facebook.com\/planintool\" \/>\n<meta property=\"article:modified_time\" content=\"2025-12-19T17:05:44+00:00\" \/>\n<meta property=\"og:image\" content=\"https:\/\/plan-in.net\/wp-content\/uploads\/2025\/02\/logo.svg\" \/>\n<meta name=\"twitter:card\" content=\"summary_large_image\" \/>\n<meta name=\"twitter:label1\" content=\"Tiempo de lectura\" \/>\n\t<meta name=\"twitter:data1\" content=\"1 minuto\" \/>\n<script type=\"application\/ld+json\" class=\"yoast-schema-graph\">{\"@context\":\"https:\\\/\\\/schema.org\",\"@graph\":[{\"@type\":\"WebPage\",\"@id\":\"https:\\\/\\\/plan-in.net\\\/thank-you-lead-magnet\\\/\",\"url\":\"https:\\\/\\\/plan-in.net\\\/thank-you-lead-magnet\\\/\",\"name\":\"Thank You Lead Magnet - Plan In\",\"isPartOf\":{\"@id\":\"https:\\\/\\\/plan-in.net\\\/ar\\\/#website\"},\"primaryImageOfPage\":{\"@id\":\"https:\\\/\\\/plan-in.net\\\/thank-you-lead-magnet\\\/#primaryimage\"},\"image\":{\"@id\":\"https:\\\/\\\/plan-in.net\\\/thank-you-lead-magnet\\\/#primaryimage\"},\"thumbnailUrl\":\"https:\\\/\\\/plan-in.net\\\/wp-content\\\/uploads\\\/2025\\\/02\\\/logo.svg\",\"datePublished\":\"2025-12-19T17:04:19+00:00\",\"dateModified\":\"2025-12-19T17:05:44+00:00\",\"breadcrumb\":{\"@id\":\"https:\\\/\\\/plan-in.net\\\/thank-you-lead-magnet\\\/#breadcrumb\"},\"inLanguage\":\"es-CO\",\"potentialAction\":[{\"@type\":\"ReadAction\",\"target\":[\"https:\\\/\\\/plan-in.net\\\/thank-you-lead-magnet\\\/\"]}]},{\"@type\":\"ImageObject\",\"inLanguage\":\"es-CO\",\"@id\":\"https:\\\/\\\/plan-in.net\\\/thank-you-lead-magnet\\\/#primaryimage\",\"url\":\"https:\\\/\\\/plan-in.net\\\/wp-content\\\/uploads\\\/2025\\\/02\\\/logo.svg\",\"contentUrl\":\"https:\\\/\\\/plan-in.net\\\/wp-content\\\/uploads\\\/2025\\\/02\\\/logo.svg\"},{\"@type\":\"BreadcrumbList\",\"@id\":\"https:\\\/\\\/plan-in.net\\\/thank-you-lead-magnet\\\/#breadcrumb\",\"itemListElement\":[{\"@type\":\"ListItem\",\"position\":1,\"name\":\"Inicio\",\"item\":\"https:\\\/\\\/plan-in.net\\\/ar\\\/\"},{\"@type\":\"ListItem\",\"position\":2,\"name\":\"Thank You Lead Magnet\"}]},{\"@type\":\"WebSite\",\"@id\":\"https:\\\/\\\/plan-in.net\\\/ar\\\/#website\",\"url\":\"https:\\\/\\\/plan-in.net\\\/ar\\\/\",\"name\":\"Plan In\",\"description\":\"\",\"publisher\":{\"@id\":\"https:\\\/\\\/plan-in.net\\\/ar\\\/#organization\"},\"potentialAction\":[{\"@type\":\"SearchAction\",\"target\":{\"@type\":\"EntryPoint\",\"urlTemplate\":\"https:\\\/\\\/plan-in.net\\\/ar\\\/?s={search_term_string}\"},\"query-input\":{\"@type\":\"PropertyValueSpecification\",\"valueRequired\":true,\"valueName\":\"search_term_string\"}}],\"inLanguage\":\"es-CO\"},{\"@type\":\"Organization\",\"@id\":\"https:\\\/\\\/plan-in.net\\\/ar\\\/#organization\",\"name\":\"Plan In\",\"alternateName\":\"Plan In - Software para contadores\",\"url\":\"https:\\\/\\\/plan-in.net\\\/ar\\\/\",\"logo\":{\"@type\":\"ImageObject\",\"inLanguage\":\"es-CO\",\"@id\":\"https:\\\/\\\/plan-in.net\\\/ar\\\/#\\\/schema\\\/logo\\\/image\\\/\",\"url\":\"https:\\\/\\\/plan-in.net\\\/wp-content\\\/uploads\\\/2025\\\/02\\\/logo_alternativo.svg\",\"contentUrl\":\"https:\\\/\\\/plan-in.net\\\/wp-content\\\/uploads\\\/2025\\\/02\\\/logo_alternativo.svg\",\"width\":69,\"height\":26,\"caption\":\"Plan In\"},\"image\":{\"@id\":\"https:\\\/\\\/plan-in.net\\\/ar\\\/#\\\/schema\\\/logo\\\/image\\\/\"},\"sameAs\":[\"https:\\\/\\\/www.facebook.com\\\/planintool\",\"https:\\\/\\\/www.instagram.com\\\/plan_in_contadores\\\/?hl=es-la\",\"https:\\\/\\\/www.linkedin.com\\\/company\\\/plan-innet\\\/\"]}]}<\/script>\n<!-- \/ Yoast SEO plugin. -->","yoast_head_json":{"title":"Thank You Lead Magnet - Plan In","robots":{"index":"index","follow":"follow","max-snippet":"max-snippet:-1","max-image-preview":"max-image-preview:large","max-video-preview":"max-video-preview:-1"},"canonical":"https:\/\/plan-in.net\/co\/thank-you-lead-magnet\/","og_locale":"es_ES","og_type":"article","og_title":"Thank You Lead Magnet - Plan In","og_description":"\u00a1Formulario enviado con \u00e9xito! En unos minutos vas a recibir un correo con el acceso a la Gu\u00eda pr\u00e1ctica para proponer una implementaci\u00f3n tecnol\u00f3gica en tu estudio contable. Si no lo ves en tu bandeja de entrada, revisa la carpeta de spam o promociones. Facebook-f Instagram Linkedin-in","og_url":"https:\/\/plan-in.net\/co\/thank-you-lead-magnet\/","og_site_name":"Plan In","article_publisher":"https:\/\/www.facebook.com\/planintool","article_modified_time":"2025-12-19T17:05:44+00:00","og_image":[{"url":"https:\/\/plan-in.net\/wp-content\/uploads\/2025\/02\/logo.svg","type":"","width":"","height":""}],"twitter_card":"summary_large_image","twitter_misc":{"Tiempo de lectura":"1 minuto"},"schema":{"@context":"https:\/\/schema.org","@graph":[{"@type":"WebPage","@id":"https:\/\/plan-in.net\/thank-you-lead-magnet\/","url":"https:\/\/plan-in.net\/thank-you-lead-magnet\/","name":"Thank You Lead Magnet - Plan In","isPartOf":{"@id":"https:\/\/plan-in.net\/ar\/#website"},"primaryImageOfPage":{"@id":"https:\/\/plan-in.net\/thank-you-lead-magnet\/#primaryimage"},"image":{"@id":"https:\/\/plan-in.net\/thank-you-lead-magnet\/#primaryimage"},"thumbnailUrl":"https:\/\/plan-in.net\/wp-content\/uploads\/2025\/02\/logo.svg","datePublished":"2025-12-19T17:04:19+00:00","dateModified":"2025-12-19T17:05:44+00:00","breadcrumb":{"@id":"https:\/\/plan-in.net\/thank-you-lead-magnet\/#breadcrumb"},"inLanguage":"es-CO","potentialAction":[{"@type":"ReadAction","target":["https:\/\/plan-in.net\/thank-you-lead-magnet\/"]}]},{"@type":"ImageObject","inLanguage":"es-CO","@id":"https:\/\/plan-in.net\/thank-you-lead-magnet\/#primaryimage","url":"https:\/\/plan-in.net\/wp-content\/uploads\/2025\/02\/logo.svg","contentUrl":"https:\/\/plan-in.net\/wp-content\/uploads\/2025\/02\/logo.svg"},{"@type":"BreadcrumbList","@id":"https:\/\/plan-in.net\/thank-you-lead-magnet\/#breadcrumb","itemListElement":[{"@type":"ListItem","position":1,"name":"Inicio","item":"https:\/\/plan-in.net\/ar\/"},{"@type":"ListItem","position":2,"name":"Thank You Lead Magnet"}]},{"@type":"WebSite","@id":"https:\/\/plan-in.net\/ar\/#website","url":"https:\/\/plan-in.net\/ar\/","name":"Plan In","description":"","publisher":{"@id":"https:\/\/plan-in.net\/ar\/#organization"},"potentialAction":[{"@type":"SearchAction","target":{"@type":"EntryPoint","urlTemplate":"https:\/\/plan-in.net\/ar\/?s={search_term_string}"},"query-input":{"@type":"PropertyValueSpecification","valueRequired":true,"valueName":"search_term_string"}}],"inLanguage":"es-CO"},{"@type":"Organization","@id":"https:\/\/plan-in.net\/ar\/#organization","name":"Plan In","alternateName":"Plan In - Software para contadores","url":"https:\/\/plan-in.net\/ar\/","logo":{"@type":"ImageObject","inLanguage":"es-CO","@id":"https:\/\/plan-in.net\/ar\/#\/schema\/logo\/image\/","url":"https:\/\/plan-in.net\/wp-content\/uploads\/2025\/02\/logo_alternativo.svg","contentUrl":"https:\/\/plan-in.net\/wp-content\/uploads\/2025\/02\/logo_alternativo.svg","width":69,"height":26,"caption":"Plan In"},"image":{"@id":"https:\/\/plan-in.net\/ar\/#\/schema\/logo\/image\/"},"sameAs":["https:\/\/www.facebook.com\/planintool","https:\/\/www.instagram.com\/plan_in_contadores\/?hl=es-la","https:\/\/www.linkedin.com\/company\/plan-innet\/"]}]}},"_links":{"self":[{"href":"https:\/\/plan-in.net\/co\/wp-json\/wp\/v2\/pages\/4867","targetHints":{"allow":["GET"]}}],"collection":[{"href":"https:\/\/plan-in.net\/co\/wp-json\/wp\/v2\/pages"}],"about":[{"href":"https:\/\/plan-in.net\/co\/wp-json\/wp\/v2\/types\/page"}],"author":[{"embeddable":true,"href":"https:\/\/plan-in.net\/co\/wp-json\/wp\/v2\/users\/6"}],"replies":[{"embeddable":true,"href":"https:\/\/plan-in.net\/co\/wp-json\/wp\/v2\/comments?post=4867"}],"version-history":[{"count":5,"href":"https:\/\/plan-in.net\/co\/wp-json\/wp\/v2\/pages\/4867\/revisions"}],"predecessor-version":[{"id":4873,"href":"https:\/\/plan-in.net\/co\/wp-json\/wp\/v2\/pages\/4867\/revisions\/4873"}],"wp:attachment":[{"href":"https:\/\/plan-in.net\/co\/wp-json\/wp\/v2\/media?parent=4867"}],"curies":[{"name":"wp","href":"https:\/\/api.w.org\/{rel}","templated":true}]}}